{"id":28,"date":"2014-07-09T23:38:27","date_gmt":"2014-07-09T21:38:27","guid":{"rendered":"http:\/\/www.sanninggarden.com\/?page_id=28"},"modified":"2016-03-31T08:45:59","modified_gmt":"2016-03-31T06:45:59","slug":"vinteraktiviteter","status":"publish","type":"page","link":"https:\/\/sanninggarden.com\/english\/aktiviteter\/vinteraktiviteter\/","title":{"rendered":"Vinteraktiviteter"},"content":{"rendered":"<p>&nbsp;<\/p>\n<p><b> <a href=\"https:\/\/sanninggarden.com\/wp-content\/uploads\/2014\/07\/Bild7.png\" rel=\"attachment wp-att-681\"><img loading=\"lazy\" decoding=\"async\" class=\"alignnone wp-image-681\" src=\"https:\/\/sanninggarden.com\/wp-content\/uploads\/2014\/07\/Bild7-300x74.png\" alt=\"Bild7\" width=\"539\" height=\"133\" srcset=\"https:\/\/sanninggarden.com\/wp-content\/uploads\/2014\/07\/Bild7-300x74.png 300w, https:\/\/sanninggarden.com\/wp-content\/uploads\/2014\/07\/Bild7-768x189.png 768w, https:\/\/sanninggarden.com\/wp-content\/uploads\/2014\/07\/Bild7-1024x253.png 1024w\" sizes=\"auto, (max-width: 539px) 100vw, 539px\" \/><\/a><\/b><b><\/b><\/p>\n<p><b>Cross-Country &amp; Backcountry Skiing<br \/>\n<\/b>From the cabin doorstep, you can easily head out on a ski tour along the snowmobile trail. If you prefer groomed tracks, options include Kob\u00e5set, Drottningleden, \u00c4ngesdalsliden, and the illuminated trail in Hemavan.<br \/>\nYou can access the Kungsleden trail from Klippen by skiing up toward Viterskalet, where the hosts at Viterskalsstugan offer light meals and waffles on select days during the season.<\/p>\n<p><b>Snowmobile<\/b><b><br \/>\n<\/b>During winter, the area offers many scenic snowmobile trails. From our parking lot, you can quickly and easily access the marked routes.<br \/>\nWatch out for restricted areas\u2014trail maps and permits are available for purchase at Statoil in Hemavan.<br \/>\n<b><br \/>\n<\/b><b>Skiing the Slopes<\/b><b><br \/>\n<\/b>It\u2019s approximately 5 km to the ski slopes in Hemavan.<br \/>\nKlippen offers excellent opportunities for off-piste skiing. A rewarding tour begins with a hike up toward Dal\u00e5ive, where you can then carve your own path down through untouched snow. With advance booking, we can arrange simple transport up the mountain\u2014just email us if you're interested.<\/p>\n<p><b>Fishing<br \/>\n<\/b>Take the opportunity to try your luck at fishing\u2014there\u2019s an abundance of Arctic char and trout in the area. Statoil in Hemavan offers the widest selection of fishing permits. With the national mountain fishing permit, you gain access to numerous lakes throughout the V\u00e4sterbotten mountain region. For more information and maps of the fishing areas, visit the V\u00e4sterbotten County Administrative Board\u2019s website at the link below:<br \/>\nhttp:\/\/www.lansstyrelsen.se\/vasterbotten\/Sv\/djur-och-natur\/fiske\/Statens-fjallfiskevatten\/Pages\/default.aspx<br \/>\nIf you don\u2019t have a snowmobile or skis, \u00d6ver Uman is a great alternative for mountain fishing. This large mountain lake is easily accessible on foot from the roadside and is located 10 km west of S\u00e5nningg\u00e5rden on the road toward Norway. Fishing permits are also available along the way at the Gr\u00e4nsl\u00f6st shopping center in Umfors.<\/p>\n<p>If you need fishing equipment, it\u2019s available at several shops in Hemavan and T\u00e4rnaby.<\/p>\n<p><b>Heliskiing Adventures<\/b><br \/>\nFast summit lifts &amp; unforgettable moments!<br \/>\nHeliskiing is available when weather conditions permit, from February through the end of May. The helicopter will take you to one or several peaks, always accompanied by an experienced guide. Let us know if you're interested, and we\u2019ll help you find the right operator.<\/p>\n<p><a href=\"https:\/\/sanninggarden.com\/wp-content\/uploads\/2014\/07\/Bild10.png\" rel=\"attachment wp-att-683\"><img loading=\"lazy\" decoding=\"async\" class=\"alignnone wp-image-683\" src=\"https:\/\/sanninggarden.com\/wp-content\/uploads\/2014\/07\/Bild10-300x74.png\" alt=\"Bild10\" width=\"539\" height=\"133\" srcset=\"https:\/\/sanninggarden.com\/wp-content\/uploads\/2014\/07\/Bild10-300x74.png 300w, https:\/\/sanninggarden.com\/wp-content\/uploads\/2014\/07\/Bild10-768x190.png 768w, https:\/\/sanninggarden.com\/wp-content\/uploads\/2014\/07\/Bild10-1024x253.png 1024w\" sizes=\"auto, (max-width: 539px) 100vw, 539px\" \/><\/a><\/p>\n<p>&nbsp;<\/p>","protected":false},"excerpt":{"rendered":"<p>&nbsp; L\u00e4ngd &amp; turskid\u00e5kning Fr\u00e5n stugknuten kommer du l\u00e4tt iv\u00e4g p\u00e5 en skidtur efter skotersp\u00e5ret, vill du hellre \u00e5ka p\u00e5 preparerade sp\u00e5r finns t.ex Kob\u00e5set, Drottningleden, \u00c4ngesdalsliden samt elljussp\u00e5ret i Hemavan. Kungsleden n\u00e5r du fr\u00e5n Klippen om du skidar upp mot Viterskalet, d\u00e4r erbjuder stugv\u00e4rdarna i Viterskalsstugan l\u00e4ttare mat- &amp; v\u00e5ffelservering vissa dagar under s\u00e4songen. [&hellip;]<\/p>\n","protected":false},"author":1,"featured_media":0,"parent":10,"menu_order":1,"comment_status":"open","ping_status":"open","template":"","meta":{"footnotes":""},"class_list":["post-28","page","type-page","status-publish","hentry"],"_links":{"self":[{"href":"https:\/\/sanninggarden.com\/english\/wp-json\/wp\/v2\/pages\/28","targetHints":{"allow":["GET"]}}],"collection":[{"href":"https:\/\/sanninggarden.com\/english\/wp-json\/wp\/v2\/pages"}],"about":[{"href":"https:\/\/sanninggarden.com\/english\/wp-json\/wp\/v2\/types\/page"}],"author":[{"embeddable":true,"href":"https:\/\/sanninggarden.com\/english\/wp-json\/wp\/v2\/users\/1"}],"replies":[{"embeddable":true,"href":"https:\/\/sanninggarden.com\/english\/wp-json\/wp\/v2\/comments?post=28"}],"version-history":[{"count":16,"href":"https:\/\/sanninggarden.com\/english\/wp-json\/wp\/v2\/pages\/28\/revisions"}],"predecessor-version":[{"id":747,"href":"https:\/\/sanninggarden.com\/english\/wp-json\/wp\/v2\/pages\/28\/revisions\/747"}],"up":[{"embeddable":true,"href":"https:\/\/sanninggarden.com\/english\/wp-json\/wp\/v2\/pages\/10"}],"wp:attachment":[{"href":"https:\/\/sanninggarden.com\/english\/wp-json\/wp\/v2\/media?parent=28"}],"curies":[{"name":"wp","href":"https:\/\/api.w.org\/{rel}","templated":true}]}}