{"id":10,"date":"2014-07-09T23:34:39","date_gmt":"2014-07-09T21:34:39","guid":{"rendered":"http:\/\/www.sanninggarden.com\/?page_id=10"},"modified":"2025-08-05T22:53:09","modified_gmt":"2025-08-05T20:53:09","slug":"aktiviteter","status":"publish","type":"page","link":"https:\/\/sanninggarden.com\/english\/aktiviteter\/","title":{"rendered":"Activities"},"content":{"rendered":"<p>S\u00e5nningg\u00e5rden ligger natursk\u00f6nt i Hemavan, omgivet av fj\u00e4ll, skogar och vatten \u2013 ett omr\u00e5de fullt av m\u00f6jligheter f\u00f6r friluftsliv \u00e5ret runt.<\/p>\n\n\n\n<p>Under sommar och h\u00f6st kan bes\u00f6kare njuta av vandring l\u00e4ngs Kungsleden eller p\u00e5 mindre stigar i fj\u00e4llterr\u00e4ngen. H\u00e4r finns goda m\u00f6jligheter till b\u00e4rplockning, svampjakt, bad i fj\u00e4llsj\u00f6ar och l\u00f6pning i varierad natur. Jakt erbjuds under s\u00e4song, med respekt f\u00f6r lokala regler och naturens balans.<\/p>\n\n\n\n<p>P\u00e5 vintern f\u00f6rvandlas omr\u00e5det till ett paradis f\u00f6r skid\u00e5kning, b\u00e5de l\u00e4ngd och topptur, samt sn\u00f6skoterk\u00f6rning i markerade leder. Isfiske och vintervandring ger ro och n\u00e4rhet til naturen \u00e4ven under de kallare m\u00e5naderna.<\/p>\n\n\n\n<p>S\u00e5nningg\u00e5rden \u00e4r en perfekt bas f\u00f6r den som vill uppleva fj\u00e4llv\u00e4rlden \u2013 oavsett om du s\u00f6ker stillhet, aktivitet eller \u00e4ventyr.<\/p>\n\n\n\n<p><\/p>\n\n\n\n<p><\/p>","protected":false},"excerpt":{"rendered":"<p>S\u00e5nningg\u00e5rden ligger natursk\u00f6nt i Hemavan, omgivet av fj\u00e4ll, skogar och vatten \u2013 ett omr\u00e5de fullt av m\u00f6jligheter f\u00f6r friluftsliv \u00e5ret runt. Under sommar och h\u00f6st kan bes\u00f6kare njuta av vandring l\u00e4ngs Kungsleden eller p\u00e5 mindre stigar i fj\u00e4llterr\u00e4ngen. H\u00e4r finns goda m\u00f6jligheter till b\u00e4rplockning, svampjakt, bad i fj\u00e4llsj\u00f6ar och l\u00f6pning i varierad natur. Jakt erbjuds [&hellip;]<\/p>\n","protected":false},"author":1,"featured_media":0,"parent":0,"menu_order":0,"comment_status":"open","ping_status":"open","template":"","meta":{"footnotes":""},"class_list":["post-10","page","type-page","status-publish","hentry"],"_links":{"self":[{"href":"https:\/\/sanninggarden.com\/english\/wp-json\/wp\/v2\/pages\/10","targetHints":{"allow":["GET"]}}],"collection":[{"href":"https:\/\/sanninggarden.com\/english\/wp-json\/wp\/v2\/pages"}],"about":[{"href":"https:\/\/sanninggarden.com\/english\/wp-json\/wp\/v2\/types\/page"}],"author":[{"embeddable":true,"href":"https:\/\/sanninggarden.com\/english\/wp-json\/wp\/v2\/users\/1"}],"replies":[{"embeddable":true,"href":"https:\/\/sanninggarden.com\/english\/wp-json\/wp\/v2\/comments?post=10"}],"version-history":[{"count":53,"href":"https:\/\/sanninggarden.com\/english\/wp-json\/wp\/v2\/pages\/10\/revisions"}],"predecessor-version":[{"id":1371,"href":"https:\/\/sanninggarden.com\/english\/wp-json\/wp\/v2\/pages\/10\/revisions\/1371"}],"wp:attachment":[{"href":"https:\/\/sanninggarden.com\/english\/wp-json\/wp\/v2\/media?parent=10"}],"curies":[{"name":"wp","href":"https:\/\/api.w.org\/{rel}","templated":true}]}}